{"id":39,"date":"2020-04-24T07:31:15","date_gmt":"2020-04-24T07:31:15","guid":{"rendered":"http:\/\/sps-bitterfeld.de\/?page_id=39"},"modified":"2020-06-15T11:02:10","modified_gmt":"2020-06-15T11:02:10","slug":"unternehmen","status":"publish","type":"page","link":"https:\/\/sps-bitterfeld.de\/","title":{"rendered":"Spezialisten aus Tradition"},"content":{"rendered":"\n<h2>Das Unternehmen<br><br><\/h2>\n\n\n\n<p>Wir sind ein traditionsreiches Familienunternehmen, welches mit 2 Kleintransportern 1989 begonnen hat und mittlerweile \u00fcber 100 Fahrzeuge aller Gr\u00f6\u00dfenklassen verf\u00fcgt. In unserer mehr als 25j\u00e4hrigen Firmenhistorie haben wir uns auf die logistische Abfertigung von Sammelgut und St\u00fcckgutsendung im Raum Deutschland spezialisiert. Dies betrifft sowohl Ware im TK-Bereich als auch temperaturgef\u00fchrte Lebensmittel und Trockengut.<\/p>\n\n\n\n<div class=\"wp-block-image\"><figure class=\"aligncenter size-large\"><img decoding=\"async\" loading=\"lazy\" width=\"400\" height=\"250\" src=\"http:\/\/sps-bitterfeld.de\/wp-content\/uploads\/2020\/06\/Kontakt-1.png\" alt=\"\" class=\"wp-image-132\"\/><\/figure><\/div>\n\n\n\n<p>Durch ein gut organisiertes und straff gef\u00fchrtes Verteilernetz, sind wir in der Lage die Ware termin- und qualit\u00e4tsgerecht innerhalb Deutschlands anzuliefern bzw. abzuholen. In den n\u00e4chsten Jahren liegt der Fokus der Firmenentwicklung auf einer Erweiterung des Verteilernetzes in Deutschland, um so auch der wirtschaftlichen Entwicklung in Deutschland Rechnung zu tragen und komplexe Transportl\u00f6sungen f\u00fcr unsere Kunde pr\u00e4sentieren zu k\u00f6nnen. Denn Deutschland ist ein sehr dynamischer Markt,&nbsp; mit viel Potential f\u00fcr die Zukunft. Unser Sitz in der N\u00e4he von Leipzig bietet dazu die besten Voraussetzungen.<\/p>\n\n\n\n<div class=\"wp-block-media-text alignwide is-stacked-on-mobile\"><figure class=\"wp-block-media-text__media\"><img decoding=\"async\" loading=\"lazy\" width=\"400\" height=\"232\" src=\"http:\/\/sps-bitterfeld.de\/wp-content\/uploads\/2020\/06\/wir2.png\" alt=\"\" class=\"wp-image-133\"\/><\/figure><div class=\"wp-block-media-text__content\">\n<p>Wir stehen f\u00fcr eine termingerechte und qualitativ hochwertige Auftragserf\u00fcllung. Die Zufriedenheit unserer Kunden ist unser Ziel. Die Ware wird mit modernen Fahrzeugen der Marke Made in Germany bef\u00f6rdert. F\u00fcr unsere Kunden ist eben nur das Beste gut genug.<\/p>\n<\/div><\/div>\n\n\n\n<p><\/p>\n\n\n\n<p>Durch unsere Partner sind wird in der Lage, Sendungen bundesweit termingerecht und mit hohem Know-how zu bef\u00f6rdern. Mit 80 gut geschulten und motivierten Mitarbeitern stellen wir sicher, dass die Sendungen reibungslos und termingerecht ihr Ziel erreichen. Dabei setzen wir auf faire L\u00f6hne und auf einen sozial verst\u00e4ndnisvollen Umgang mit dem Personal.<\/p>\n","protected":false},"excerpt":{"rendered":"<p>Das Unternehmen Wir sind ein traditionsreiches Familienunternehmen, welches mit 2 Kleintransportern 1989 begonnen hat und mittlerweile \u00fcber 100 Fahrzeuge aller Gr\u00f6\u00dfenklassen verf\u00fcgt. In unserer mehr als 25j\u00e4hrigen Firmenhistorie haben wir uns auf die logistische Abfertigung von Sammelgut und St\u00fcckgutsendung im Raum Deutschland spezialisiert. Dies betrifft sowohl Ware im TK-Bereich als auch temperaturgef\u00fchrte Lebensmittel und Trockengut.<br \/><a class=\"btn btn-theme post-btn\" href=\"https:\/\/sps-bitterfeld.de\/\">Weiterlesen<\/a><\/p>\n","protected":false},"author":1,"featured_media":114,"parent":0,"menu_order":0,"comment_status":"closed","ping_status":"closed","template":"","meta":[],"_links":{"self":[{"href":"https:\/\/sps-bitterfeld.de\/index.php?rest_route=\/wp\/v2\/pages\/39"}],"collection":[{"href":"https:\/\/sps-bitterfeld.de\/index.php?rest_route=\/wp\/v2\/pages"}],"about":[{"href":"https:\/\/sps-bitterfeld.de\/index.php?rest_route=\/wp\/v2\/types\/page"}],"author":[{"embeddable":true,"href":"https:\/\/sps-bitterfeld.de\/index.php?rest_route=\/wp\/v2\/users\/1"}],"replies":[{"embeddable":true,"href":"https:\/\/sps-bitterfeld.de\/index.php?rest_route=%2Fwp%2Fv2%2Fcomments&post=39"}],"version-history":[{"count":12,"href":"https:\/\/sps-bitterfeld.de\/index.php?rest_route=\/wp\/v2\/pages\/39\/revisions"}],"predecessor-version":[{"id":134,"href":"https:\/\/sps-bitterfeld.de\/index.php?rest_route=\/wp\/v2\/pages\/39\/revisions\/134"}],"wp:featuredmedia":[{"embeddable":true,"href":"https:\/\/sps-bitterfeld.de\/index.php?rest_route=\/wp\/v2\/media\/114"}],"wp:attachment":[{"href":"https:\/\/sps-bitterfeld.de\/index.php?rest_route=%2Fwp%2Fv2%2Fmedia&parent=39"}],"curies":[{"name":"wp","href":"https:\/\/api.w.org\/{rel}","templated":true}]}}